{"id":3904,"date":"2021-01-18T16:43:57","date_gmt":"2021-01-18T15:43:57","guid":{"rendered":"http:\/\/fitonasaldespray.multisite.aboca.com\/?page_id=3904"},"modified":"2021-07-02T11:49:02","modified_gmt":"2021-07-02T09:49:02","slug":"warum-verstopft-die-nase","status":"publish","type":"page","link":"https:\/\/www.fitonasal.de\/spray\/warum-verstopft-die-nase\/","title":{"rendered":"Warum verstopft die Nase?"},"content":{"rendered":"\n<h3 class=\"wp-block-heading\">GUT DURCHATMEN<\/h3>\n\n\n\n<p>Gut durchatmen ist wichtig f\u00fcr die Gesundheit, doch dazu braucht es eine freie Nase. Die Nase filtert, erw\u00e4rmt und befeuchtet die Luft, was von grundlegender Bedeutung f\u00fcr gesunde Bronchien und eine gesunde Lunge ist. Bei verstopfter Nase erh\u00e4lt der K\u00f6rper weniger Sauerstoff. Der Geruchssinn ist beeintr\u00e4chtigt, der K\u00f6rper wird infektionsanf\u00e4lliger und wir f\u00fchlen uns in den t\u00e4glichen Aktivit\u00e4ten und auch im Schlaf beeintr\u00e4chtigt.<br>.<\/p>\n\n\n\n<h3 class=\"wp-block-heading\">WARUM VERSTOPFT DIE NASE?<\/h3>\n\n\n\n<p>Wird die Nasenschleimhaut von Viren, Bakterien, Reizstoffen oder Allergenen angegriffen, kommt es zu einer Entz\u00fcndungsreaktion, die wiederum die Nasenverstopfung ausl\u00f6st. Zur Abwehr wird mehr Schleim produziert sowie eine Reihe von anderen Substanzen, die den Reizstoffen entgegenwirken. Dazu muss die Schleimhaut \u00fcber die Kapillaren mit mehr Blut versorgt werden. Die Folge: Die Gef\u00e4\u00dfe erweitern sich, die Schleimhaut schwillt an und die Nase verstopft. Aus den erweiterten Kapillaren tritt zudem eine gro\u00dfe Menge an Fl\u00fcssigkeit aus, die zusammen mit dem im \u00dcberfluss produzierten Schleim die Situation weiter verschlimmert und ein freies Atmen erschwert. Die typischen Symptome einer Nasenverstopfung sind also nichts anderes als die physiologische Abwehrreaktion der Schleimhaut. Das gilt es zu bedenken. Wenn wir diese Abwehrmechanismen unterbinden, riskieren wir, unseren K\u00f6rper den Reizstoffen schutzlos auszusetzen.<\/p>\n","protected":false},"excerpt":{"rendered":"<p>GUT DURCHATMEN Gut durchatmen ist wichtig f\u00fcr die Gesundheit, doch dazu braucht es eine freie Nase. Die Nase filtert, erw\u00e4rmt und befeuchtet die Luft, was von grundlegender Bedeutung f\u00fcr gesunde Bronchien und eine gesunde Lunge ist. Bei verstopfter Nase erh\u00e4lt der K\u00f6rper weniger Sauerstoff. Der Geruchssinn ist beeintr\u00e4chtigt, der K\u00f6rper wird infektionsanf\u00e4lliger und wir f\u00fchlen&#8230;  <a href=\"https:\/\/www.fitonasal.de\/spray\/warum-verstopft-die-nase\/\" class=\"more-link\" title=\"Read Warum verstopft die Nase?\">Leggi tutto &raquo;<\/a><\/p>\n","protected":false},"author":2,"featured_media":0,"parent":0,"menu_order":0,"comment_status":"closed","ping_status":"closed","template":"","meta":{"footnotes":""},"class_list":["post-3904","page","type-page","status-publish","hentry"],"yoast_head":"<!-- This site is optimized with the Yoast SEO plugin v27.2 - https:\/\/yoast.com\/product\/yoast-seo-wordpress\/ -->\n<title>Warum verstopft die Nase? - Fitonasal Spray<\/title>\n<meta name=\"robots\" content=\"index, follow, max-snippet:-1, max-image-preview:large, max-video-preview:-1\" \/>\n<link rel=\"canonical\" href=\"https:\/\/www.fitonasal.de\/spray\/warum-verstopft-die-nase\/\" \/>\n<meta property=\"og:locale\" content=\"de_DE\" \/>\n<meta property=\"og:type\" content=\"article\" \/>\n<meta property=\"og:title\" content=\"Warum verstopft die Nase? - Fitonasal Spray\" \/>\n<meta property=\"og:description\" content=\"GUT DURCHATMEN Gut durchatmen ist wichtig f\u00fcr die Gesundheit, doch dazu braucht es eine freie Nase. Die Nase filtert, erw\u00e4rmt und befeuchtet die Luft, was von grundlegender Bedeutung f\u00fcr gesunde Bronchien und eine gesunde Lunge ist. Bei verstopfter Nase erh\u00e4lt der K\u00f6rper weniger Sauerstoff. Der Geruchssinn ist beeintr\u00e4chtigt, der K\u00f6rper wird infektionsanf\u00e4lliger und wir f\u00fchlen... Leggi tutto &raquo;\" \/>\n<meta property=\"og:url\" content=\"https:\/\/www.fitonasal.de\/spray\/warum-verstopft-die-nase\/\" \/>\n<meta property=\"og:site_name\" content=\"Fitonasal Spray\" \/>\n<meta property=\"article:modified_time\" content=\"2021-07-02T09:49:02+00:00\" \/>\n<meta name=\"twitter:card\" content=\"summary_large_image\" \/>\n<meta name=\"twitter:label1\" content=\"Gesch\u00e4tzte Lesezeit\" \/>\n\t<meta name=\"twitter:data1\" content=\"1\u00a0Minute\" \/>\n<script type=\"application\/ld+json\" class=\"yoast-schema-graph\">{\"@context\":\"https:\/\/schema.org\",\"@graph\":[{\"@type\":\"WebPage\",\"@id\":\"https:\/\/www.fitonasal.de\/spray\/warum-verstopft-die-nase\/\",\"url\":\"https:\/\/www.fitonasal.de\/spray\/warum-verstopft-die-nase\/\",\"name\":\"Warum verstopft die Nase? - Fitonasal Spray\",\"isPartOf\":{\"@id\":\"https:\/\/www.fitonasal.de\/spray\/#website\"},\"datePublished\":\"2021-01-18T15:43:57+00:00\",\"dateModified\":\"2021-07-02T09:49:02+00:00\",\"breadcrumb\":{\"@id\":\"https:\/\/www.fitonasal.de\/spray\/warum-verstopft-die-nase\/#breadcrumb\"},\"inLanguage\":\"de\",\"potentialAction\":[{\"@type\":\"ReadAction\",\"target\":[\"https:\/\/www.fitonasal.de\/spray\/warum-verstopft-die-nase\/\"]}]},{\"@type\":\"BreadcrumbList\",\"@id\":\"https:\/\/www.fitonasal.de\/spray\/warum-verstopft-die-nase\/#breadcrumb\",\"itemListElement\":[{\"@type\":\"ListItem\",\"position\":1,\"name\":\"Home\",\"item\":\"https:\/\/www.fitonasal.de\/spray\/\"},{\"@type\":\"ListItem\",\"position\":2,\"name\":\"Warum verstopft die Nase?\"}]},{\"@type\":\"WebSite\",\"@id\":\"https:\/\/www.fitonasal.de\/spray\/#website\",\"url\":\"https:\/\/www.fitonasal.de\/spray\/\",\"name\":\"Fitonasal Spray\",\"description\":\"Fitonasal Spray konzentriert ist ein abschwellendes Mittel, das Ihre Nasenschleimhaut respektiert, sie sch\u00fctzt und folglich regeneriert.\",\"potentialAction\":[{\"@type\":\"SearchAction\",\"target\":{\"@type\":\"EntryPoint\",\"urlTemplate\":\"https:\/\/www.fitonasal.de\/spray\/?s={search_term_string}\"},\"query-input\":{\"@type\":\"PropertyValueSpecification\",\"valueRequired\":true,\"valueName\":\"search_term_string\"}}],\"inLanguage\":\"de\"}]}<\/script>\n<!-- \/ Yoast SEO plugin. -->","yoast_head_json":{"title":"Warum verstopft die Nase? - Fitonasal Spray","robots":{"index":"index","follow":"follow","max-snippet":"max-snippet:-1","max-image-preview":"max-image-preview:large","max-video-preview":"max-video-preview:-1"},"canonical":"https:\/\/www.fitonasal.de\/spray\/warum-verstopft-die-nase\/","og_locale":"de_DE","og_type":"article","og_title":"Warum verstopft die Nase? - Fitonasal Spray","og_description":"GUT DURCHATMEN Gut durchatmen ist wichtig f\u00fcr die Gesundheit, doch dazu braucht es eine freie Nase. Die Nase filtert, erw\u00e4rmt und befeuchtet die Luft, was von grundlegender Bedeutung f\u00fcr gesunde Bronchien und eine gesunde Lunge ist. Bei verstopfter Nase erh\u00e4lt der K\u00f6rper weniger Sauerstoff. Der Geruchssinn ist beeintr\u00e4chtigt, der K\u00f6rper wird infektionsanf\u00e4lliger und wir f\u00fchlen... Leggi tutto &raquo;","og_url":"https:\/\/www.fitonasal.de\/spray\/warum-verstopft-die-nase\/","og_site_name":"Fitonasal Spray","article_modified_time":"2021-07-02T09:49:02+00:00","twitter_card":"summary_large_image","twitter_misc":{"Gesch\u00e4tzte Lesezeit":"1\u00a0Minute"},"schema":{"@context":"https:\/\/schema.org","@graph":[{"@type":"WebPage","@id":"https:\/\/www.fitonasal.de\/spray\/warum-verstopft-die-nase\/","url":"https:\/\/www.fitonasal.de\/spray\/warum-verstopft-die-nase\/","name":"Warum verstopft die Nase? - Fitonasal Spray","isPartOf":{"@id":"https:\/\/www.fitonasal.de\/spray\/#website"},"datePublished":"2021-01-18T15:43:57+00:00","dateModified":"2021-07-02T09:49:02+00:00","breadcrumb":{"@id":"https:\/\/www.fitonasal.de\/spray\/warum-verstopft-die-nase\/#breadcrumb"},"inLanguage":"de","potentialAction":[{"@type":"ReadAction","target":["https:\/\/www.fitonasal.de\/spray\/warum-verstopft-die-nase\/"]}]},{"@type":"BreadcrumbList","@id":"https:\/\/www.fitonasal.de\/spray\/warum-verstopft-die-nase\/#breadcrumb","itemListElement":[{"@type":"ListItem","position":1,"name":"Home","item":"https:\/\/www.fitonasal.de\/spray\/"},{"@type":"ListItem","position":2,"name":"Warum verstopft die Nase?"}]},{"@type":"WebSite","@id":"https:\/\/www.fitonasal.de\/spray\/#website","url":"https:\/\/www.fitonasal.de\/spray\/","name":"Fitonasal Spray","description":"Fitonasal Spray konzentriert ist ein abschwellendes Mittel, das Ihre Nasenschleimhaut respektiert, sie sch\u00fctzt und folglich regeneriert.","potentialAction":[{"@type":"SearchAction","target":{"@type":"EntryPoint","urlTemplate":"https:\/\/www.fitonasal.de\/spray\/?s={search_term_string}"},"query-input":{"@type":"PropertyValueSpecification","valueRequired":true,"valueName":"search_term_string"}}],"inLanguage":"de"}]}},"_links":{"self":[{"href":"https:\/\/www.fitonasal.de\/spray\/wp-json\/wp\/v2\/pages\/3904","targetHints":{"allow":["GET"]}}],"collection":[{"href":"https:\/\/www.fitonasal.de\/spray\/wp-json\/wp\/v2\/pages"}],"about":[{"href":"https:\/\/www.fitonasal.de\/spray\/wp-json\/wp\/v2\/types\/page"}],"author":[{"embeddable":true,"href":"https:\/\/www.fitonasal.de\/spray\/wp-json\/wp\/v2\/users\/2"}],"replies":[{"embeddable":true,"href":"https:\/\/www.fitonasal.de\/spray\/wp-json\/wp\/v2\/comments?post=3904"}],"version-history":[{"count":5,"href":"https:\/\/www.fitonasal.de\/spray\/wp-json\/wp\/v2\/pages\/3904\/revisions"}],"predecessor-version":[{"id":4090,"href":"https:\/\/www.fitonasal.de\/spray\/wp-json\/wp\/v2\/pages\/3904\/revisions\/4090"}],"wp:attachment":[{"href":"https:\/\/www.fitonasal.de\/spray\/wp-json\/wp\/v2\/media?parent=3904"}],"curies":[{"name":"wp","href":"https:\/\/api.w.org\/{rel}","templated":true}]}}