{"id":3913,"date":"2021-01-19T09:57:30","date_gmt":"2021-01-19T08:57:30","guid":{"rendered":"http:\/\/fitonasaldespray.multisite.aboca.com\/?page_id=3913"},"modified":"2022-02-18T12:19:51","modified_gmt":"2022-02-18T11:19:51","slug":"fitonasal-nasenspraykonzentrat","status":"publish","type":"page","link":"https:\/\/www.fitonasal.de\/spray\/fitonasal-nasenspraykonzentrat\/","title":{"rendered":"Fitonasal Nasenspraykonzentrat"},"content":{"rendered":"\n<h3 class=\"wp-block-heading\" id=\"abschwellend-und-schleimlosend-schutzt-und-fordert-die-regeneration-der-schleimhaut\">Abschwellend und schleiml\u00f6send. Sch\u00fctzt und f\u00f6rdert die Regeneration der Schleimhaut.<\/h3>\n\n\n\n<p><strong>Fitonasal Nasenspraykonzentra<\/strong>t ist ein abschwellendes Nasenspray, das die Schleimh\u00e4ute bei Erk\u00e4ltungen, Allergien, Nasenverstopfung und Reizungen der Nasenh\u00f6hlen sch\u00fctzt, wie sie bei akuten und chronischen Erkrankungen auftreten.<br>Es enth\u00e4lt&nbsp;<strong>Tannisal-FL<\/strong>, einen Molek\u00fclkomplex aus Tanninen, Flavonoiden und Steinsalz.<\/p>\n\n\n\n<h3 class=\"wp-block-heading\" id=\"zusammensetzung\">ZUSAMMENSETZUNG<\/h3>\n\n\n\n<p>TANNISAL-FL: standardisierter nat\u00fcrlicher Molek\u00fclkomplex bestehend aus einer Tanninfraktion und einer Flavonoidfraktion (aus Zaubernuss und Thymian), und aus Steinsalz (aus Salzbergwerken gewonnenes, nicht chemisch behandeltes Salz).<br>Wasser, pflanzliches Glycerin, nat\u00fcrliches Eukalyptusaroma und nat\u00fcrliches Minzaroma.<br>Das Produkt ist 100 % nat\u00fcrlich und enth\u00e4lt keine Konservierungsstoffe, Emulgatoren und anderen synthetischen Stoffe.<\/p>\n\n\n\n<h3 class=\"wp-block-heading\" id=\"anwendungshinweise\">ANWENDUNGSHINWEISE<\/h3>\n\n\n\n<p><strong>Erwachsene und Jugendliche \u00fcber 12 Jahre:<\/strong>&nbsp;2-mal in jedes Nasenloch spr\u00fchen, die Nase schn\u00e4uzen und die Anwendung wiederholen.<br><strong>Kinder von 6 bis 12 Jahren:<\/strong>&nbsp;1-mal in jedes Nasenloch spr\u00fchen, die Nase schn\u00e4uzen und die Anwendung wiederholen.<br>Den Spr\u00fchkopf nach jedem Gebrauch mit einem feuchten und sauberen Tuch reinigen und sorgf\u00e4ltig abtrocknen. Es wird empfohlen, Fitonasal Nasenspraykonzentrat mehrmals t\u00e4glich auch in kurzen Abst\u00e4nden und nochmals vor dem Schlafengehen anzuwenden.<\/p>\n\n\n\n<h3 class=\"wp-block-heading\" id=\"hinweise\">HINWEISE<\/h3>\n\n\n\n<p>Bei \u00dcberempfindlichkeit oder Allergie gegen einen oder mehrere Inhaltsstoffe nicht anwenden. Ausschlie\u00dflich in der Nase anwenden. Ber\u00fchrung mit den Augen vermeiden. Bei Ber\u00fchrung mit den Augen, mit Wasser absp\u00fclen.<br>Bei anhaltenden Symptomen einen Arzt zu Rate ziehen.<\/p>\n\n\n\n<h3 class=\"wp-block-heading\" id=\"verfallsdatum\">VERFALLSDATUM<\/h3>\n\n\n\n<p>Das auf der Packung angegebene Verfallsdatum bleibt auch nach der ersten Verwendung unver\u00e4ndert. Das Verfallsdatum bezieht sich auf das unversehrte und ordnungsgem\u00e4\u00df aufbewahrte Produkt.<\/p>\n","protected":false},"excerpt":{"rendered":"<p>Abschwellend und schleiml\u00f6send. Sch\u00fctzt und f\u00f6rdert die Regeneration der Schleimhaut. Fitonasal Nasenspraykonzentrat ist ein abschwellendes Nasenspray, das die Schleimh\u00e4ute bei Erk\u00e4ltungen, Allergien, Nasenverstopfung und Reizungen der Nasenh\u00f6hlen sch\u00fctzt, wie sie bei akuten und chronischen Erkrankungen auftreten.Es enth\u00e4lt&nbsp;Tannisal-FL, einen Molek\u00fclkomplex aus Tanninen, Flavonoiden und Steinsalz. ZUSAMMENSETZUNG TANNISAL-FL: standardisierter nat\u00fcrlicher Molek\u00fclkomplex bestehend aus einer Tanninfraktion und einer&#8230;  <a href=\"https:\/\/www.fitonasal.de\/spray\/fitonasal-nasenspraykonzentrat\/\" class=\"more-link\" title=\"Read Fitonasal Nasenspraykonzentrat\">Leggi tutto &raquo;<\/a><\/p>\n","protected":false},"author":2,"featured_media":0,"parent":0,"menu_order":0,"comment_status":"closed","ping_status":"closed","template":"","meta":{"footnotes":""},"class_list":["post-3913","page","type-page","status-publish","hentry"],"yoast_head":"<!-- This site is optimized with the Yoast SEO plugin v27.2 - https:\/\/yoast.com\/product\/yoast-seo-wordpress\/ -->\n<title>Fitonasal Nasenspraykonzentrat - Fitonasal Spray<\/title>\n<meta name=\"robots\" content=\"index, follow, max-snippet:-1, max-image-preview:large, max-video-preview:-1\" \/>\n<link rel=\"canonical\" href=\"https:\/\/www.fitonasal.de\/spray\/fitonasal-nasenspraykonzentrat\/\" \/>\n<meta property=\"og:locale\" content=\"de_DE\" \/>\n<meta property=\"og:type\" content=\"article\" \/>\n<meta property=\"og:title\" content=\"Fitonasal Nasenspraykonzentrat - Fitonasal Spray\" \/>\n<meta property=\"og:description\" content=\"Abschwellend und schleiml\u00f6send. Sch\u00fctzt und f\u00f6rdert die Regeneration der Schleimhaut. Fitonasal Nasenspraykonzentrat ist ein abschwellendes Nasenspray, das die Schleimh\u00e4ute bei Erk\u00e4ltungen, Allergien, Nasenverstopfung und Reizungen der Nasenh\u00f6hlen sch\u00fctzt, wie sie bei akuten und chronischen Erkrankungen auftreten.Es enth\u00e4lt&nbsp;Tannisal-FL, einen Molek\u00fclkomplex aus Tanninen, Flavonoiden und Steinsalz. ZUSAMMENSETZUNG TANNISAL-FL: standardisierter nat\u00fcrlicher Molek\u00fclkomplex bestehend aus einer Tanninfraktion und einer... Leggi tutto &raquo;\" \/>\n<meta property=\"og:url\" content=\"https:\/\/www.fitonasal.de\/spray\/fitonasal-nasenspraykonzentrat\/\" \/>\n<meta property=\"og:site_name\" content=\"Fitonasal Spray\" \/>\n<meta property=\"article:modified_time\" content=\"2022-02-18T11:19:51+00:00\" \/>\n<meta name=\"twitter:card\" content=\"summary_large_image\" \/>\n<meta name=\"twitter:label1\" content=\"Gesch\u00e4tzte Lesezeit\" \/>\n\t<meta name=\"twitter:data1\" content=\"2\u00a0Minuten\" \/>\n<script type=\"application\/ld+json\" class=\"yoast-schema-graph\">{\"@context\":\"https:\/\/schema.org\",\"@graph\":[{\"@type\":\"WebPage\",\"@id\":\"https:\/\/www.fitonasal.de\/spray\/fitonasal-nasenspraykonzentrat\/\",\"url\":\"https:\/\/www.fitonasal.de\/spray\/fitonasal-nasenspraykonzentrat\/\",\"name\":\"Fitonasal Nasenspraykonzentrat - Fitonasal Spray\",\"isPartOf\":{\"@id\":\"https:\/\/www.fitonasal.de\/spray\/#website\"},\"datePublished\":\"2021-01-19T08:57:30+00:00\",\"dateModified\":\"2022-02-18T11:19:51+00:00\",\"breadcrumb\":{\"@id\":\"https:\/\/www.fitonasal.de\/spray\/fitonasal-nasenspraykonzentrat\/#breadcrumb\"},\"inLanguage\":\"de\",\"potentialAction\":[{\"@type\":\"ReadAction\",\"target\":[\"https:\/\/www.fitonasal.de\/spray\/fitonasal-nasenspraykonzentrat\/\"]}]},{\"@type\":\"BreadcrumbList\",\"@id\":\"https:\/\/www.fitonasal.de\/spray\/fitonasal-nasenspraykonzentrat\/#breadcrumb\",\"itemListElement\":[{\"@type\":\"ListItem\",\"position\":1,\"name\":\"Home\",\"item\":\"https:\/\/www.fitonasal.de\/spray\/\"},{\"@type\":\"ListItem\",\"position\":2,\"name\":\"Fitonasal Nasenspraykonzentrat\"}]},{\"@type\":\"WebSite\",\"@id\":\"https:\/\/www.fitonasal.de\/spray\/#website\",\"url\":\"https:\/\/www.fitonasal.de\/spray\/\",\"name\":\"Fitonasal Spray\",\"description\":\"Fitonasal Spray konzentriert ist ein abschwellendes Mittel, das Ihre Nasenschleimhaut respektiert, sie sch\u00fctzt und folglich regeneriert.\",\"potentialAction\":[{\"@type\":\"SearchAction\",\"target\":{\"@type\":\"EntryPoint\",\"urlTemplate\":\"https:\/\/www.fitonasal.de\/spray\/?s={search_term_string}\"},\"query-input\":{\"@type\":\"PropertyValueSpecification\",\"valueRequired\":true,\"valueName\":\"search_term_string\"}}],\"inLanguage\":\"de\"}]}<\/script>\n<!-- \/ Yoast SEO plugin. -->","yoast_head_json":{"title":"Fitonasal Nasenspraykonzentrat - Fitonasal Spray","robots":{"index":"index","follow":"follow","max-snippet":"max-snippet:-1","max-image-preview":"max-image-preview:large","max-video-preview":"max-video-preview:-1"},"canonical":"https:\/\/www.fitonasal.de\/spray\/fitonasal-nasenspraykonzentrat\/","og_locale":"de_DE","og_type":"article","og_title":"Fitonasal Nasenspraykonzentrat - Fitonasal Spray","og_description":"Abschwellend und schleiml\u00f6send. Sch\u00fctzt und f\u00f6rdert die Regeneration der Schleimhaut. Fitonasal Nasenspraykonzentrat ist ein abschwellendes Nasenspray, das die Schleimh\u00e4ute bei Erk\u00e4ltungen, Allergien, Nasenverstopfung und Reizungen der Nasenh\u00f6hlen sch\u00fctzt, wie sie bei akuten und chronischen Erkrankungen auftreten.Es enth\u00e4lt&nbsp;Tannisal-FL, einen Molek\u00fclkomplex aus Tanninen, Flavonoiden und Steinsalz. ZUSAMMENSETZUNG TANNISAL-FL: standardisierter nat\u00fcrlicher Molek\u00fclkomplex bestehend aus einer Tanninfraktion und einer... Leggi tutto &raquo;","og_url":"https:\/\/www.fitonasal.de\/spray\/fitonasal-nasenspraykonzentrat\/","og_site_name":"Fitonasal Spray","article_modified_time":"2022-02-18T11:19:51+00:00","twitter_card":"summary_large_image","twitter_misc":{"Gesch\u00e4tzte Lesezeit":"2\u00a0Minuten"},"schema":{"@context":"https:\/\/schema.org","@graph":[{"@type":"WebPage","@id":"https:\/\/www.fitonasal.de\/spray\/fitonasal-nasenspraykonzentrat\/","url":"https:\/\/www.fitonasal.de\/spray\/fitonasal-nasenspraykonzentrat\/","name":"Fitonasal Nasenspraykonzentrat - Fitonasal Spray","isPartOf":{"@id":"https:\/\/www.fitonasal.de\/spray\/#website"},"datePublished":"2021-01-19T08:57:30+00:00","dateModified":"2022-02-18T11:19:51+00:00","breadcrumb":{"@id":"https:\/\/www.fitonasal.de\/spray\/fitonasal-nasenspraykonzentrat\/#breadcrumb"},"inLanguage":"de","potentialAction":[{"@type":"ReadAction","target":["https:\/\/www.fitonasal.de\/spray\/fitonasal-nasenspraykonzentrat\/"]}]},{"@type":"BreadcrumbList","@id":"https:\/\/www.fitonasal.de\/spray\/fitonasal-nasenspraykonzentrat\/#breadcrumb","itemListElement":[{"@type":"ListItem","position":1,"name":"Home","item":"https:\/\/www.fitonasal.de\/spray\/"},{"@type":"ListItem","position":2,"name":"Fitonasal Nasenspraykonzentrat"}]},{"@type":"WebSite","@id":"https:\/\/www.fitonasal.de\/spray\/#website","url":"https:\/\/www.fitonasal.de\/spray\/","name":"Fitonasal Spray","description":"Fitonasal Spray konzentriert ist ein abschwellendes Mittel, das Ihre Nasenschleimhaut respektiert, sie sch\u00fctzt und folglich regeneriert.","potentialAction":[{"@type":"SearchAction","target":{"@type":"EntryPoint","urlTemplate":"https:\/\/www.fitonasal.de\/spray\/?s={search_term_string}"},"query-input":{"@type":"PropertyValueSpecification","valueRequired":true,"valueName":"search_term_string"}}],"inLanguage":"de"}]}},"_links":{"self":[{"href":"https:\/\/www.fitonasal.de\/spray\/wp-json\/wp\/v2\/pages\/3913","targetHints":{"allow":["GET"]}}],"collection":[{"href":"https:\/\/www.fitonasal.de\/spray\/wp-json\/wp\/v2\/pages"}],"about":[{"href":"https:\/\/www.fitonasal.de\/spray\/wp-json\/wp\/v2\/types\/page"}],"author":[{"embeddable":true,"href":"https:\/\/www.fitonasal.de\/spray\/wp-json\/wp\/v2\/users\/2"}],"replies":[{"embeddable":true,"href":"https:\/\/www.fitonasal.de\/spray\/wp-json\/wp\/v2\/comments?post=3913"}],"version-history":[{"count":5,"href":"https:\/\/www.fitonasal.de\/spray\/wp-json\/wp\/v2\/pages\/3913\/revisions"}],"predecessor-version":[{"id":4104,"href":"https:\/\/www.fitonasal.de\/spray\/wp-json\/wp\/v2\/pages\/3913\/revisions\/4104"}],"wp:attachment":[{"href":"https:\/\/www.fitonasal.de\/spray\/wp-json\/wp\/v2\/media?parent=3913"}],"curies":[{"name":"wp","href":"https:\/\/api.w.org\/{rel}","templated":true}]}}